{"id":362,"date":"2020-10-06T19:12:31","date_gmt":"2020-10-06T17:12:31","guid":{"rendered":"https:\/\/www.derkaepten.de\/?page_id=362"},"modified":"2020-10-06T19:12:31","modified_gmt":"2020-10-06T17:12:31","slug":"datenschutzerklaerung","status":"publish","type":"page","link":"https:\/\/www.derkaepten.de\/?page_id=362","title":{"rendered":"Datenschutzerkl\u00e4rung"},"content":{"rendered":"<h2>Wer wir sind<\/h2>\n<p>Die Adresse unserer Website ist: www.derkaepten.de.<br \/>\nDieses ist eine rein private Webseite um mit Freunden, Kollegen und Verwandten in Kontakt zu bleiben und Ihnen etwas von uns zu berichten.<\/p>\n<h2>Welche personenbezogenen Daten wir sammeln und warum wir sie sammeln<\/h2>\n<h3><strong>Verarbeitung von Server-Log-Files<\/strong><\/h3>\n<p>Bei der rein informativen Nutzung unserer Website werden zun\u00e4chst automatisiert (also nicht \u00fcber eine Registrierung) allgemeine Informationen gespeichert, die Ihr Browser an unseren Server \u00fcbermittelt. Hierzu z\u00e4hlen standardm\u00e4\u00dfig:<\/p>\n<ul>\n<li>Browsertyp\/ -version<\/li>\n<li>verwendetes Betriebssystem<\/li>\n<li>aufgerufene Seite<\/li>\n<li>die zuvor besuchte Seite (Referrer URL)<\/li>\n<li>IP-Adresse<\/li>\n<li>Datum und Uhrzeit der Serveranfrage<\/li>\n<li>HTTP-Statuscode<\/li>\n<\/ul>\n<p>Die Verarbeitung erfolgt zur Wahrung unserer berechtigten Interessen und beruht auf der Rechtsgrundlage des Art. 6 Abs. 1 S. 1 f DSGVO. Diese Verarbeitung dient der technischen Verwaltung und der Sicherheit der Website. Die gespeicherten Daten werden nach sieben Tagen gel\u00f6scht, wenn nicht aufgrund konkreter Anhaltspunkte ein berechtigter Verdacht auf eine rechtswidrige Nutzung besteht und eine weitere Pr\u00fcfung und Verarbeitung der Informationen aus diesem Grund erforderlich ist.<\/p>\n<h3>Kommentare<\/h3>\n<p>Wenn Besucher Kommentare auf der Website schreiben, sammeln wir die Daten, die im Kommentar-Formular angezeigt werden, au\u00dferdem die IP-Adresse des Besuchers und den User-Agent-String (damit wird der Browser identifiziert), um die Erkennung von Spam zu unterst\u00fctzen.<\/p>\n<p>Nachdem Ihr Kommentar freigegeben wurde, ist Ihr Profilbild \u00f6ffentlich im Kontext deines Kommentars sichtbar.<\/p>\n<h3>Cookies<\/h3>\n<p>Wir verwenden auf unserer Website Cookies. Bei Cookies handelt es sich um kleine Textdateien, die durch Ihren Browser gespeichert werden, wenn Sie eine Website besuchen. Hierdurch wird der verwendete Browser gekennzeichnet und kann durch unseren Webserver wiedererkannt werden.<br \/>\nDabei verwenden wir insbesondere dauerhafte Cookies (\u201ePersistent Cookies\u201c). Diese Cookies werden automatisiert nach einer vorgegebenen Dauer gel\u00f6scht, die sich je nach Cookie unterscheiden kann.<br \/>\nSofern es durch diese Verwendung von Cookies zu einer Verarbeitung personenbezogener Daten kommt, beruht diese auf der Rechtsgrundlage des Art. 6 Abs.1 S. 1 f DSGVO. Diese Verarbeitung dient unserem berechtigten Interesse, unsere Website nutzerfreundlicher, effektiver sowie sicherer zu machen.<br \/>\nSie k\u00f6nnen die Cookies in den Sicherheitseinstellungen Ihres Browsers jederzeit l\u00f6schen. Sie k\u00f6nnen der Verwendung von Cookies durch Ihre Browsereinstellungen grunds\u00e4tzlich widersprechen.<br \/>\nWeitere Informationen hierzu bietet Ihnen das Bundesamt f\u00fcr Sicherheit in der Informationstechnik unter &#8222;<a href=\"https:\/\/www.bsi-fuer-buerger.de\/BSIFB\/DE\/Empfehlungen\/EinrichtungSoftware\/EinrichtungBrowser\/Sicherheitsmassnahmen\/Cookies\/cookies_node.html\">Cookies vermeiden<\/a>&#8222;.<\/p>\n<h3>Eingebettete Inhalte von anderen Websites<\/h3>\n<p>Beitr\u00e4ge auf dieser Website k\u00f6nnen eingebettete Inhalte beinhalten (z. B. Videos, Bilder, Beitr\u00e4ge etc.). Eingebettete Inhalte von anderen Websites verhalten sich exakt so, als ob der Besucher die andere Website besucht h\u00e4tte.<\/p>\n<p>Diese Websites k\u00f6nnen Daten \u00fcber Sie sammeln, Cookies benutzen, zus\u00e4tzliche Tracking-Dienste von Dritten einbetten und Ihre Interaktion mit diesem eingebetteten Inhalt aufzeichnen, inklusive Ihrer Interaktion mit dem eingebetteten Inhalt, falls Sie ein Konto haben und auf dieser Website angemeldet sind.<\/p>\n<h2>Wie lange wir Ihre Daten speichern<\/h2>\n<p>Wenn Sie einen Kommentar schreiben, wird dieser inklusive Metadaten zeitlich unbegrenzt gespeichert. Auf diese Art k\u00f6nnen wir Folgekommentare automatisch erkennen und freigeben, anstelle sie in einer Moderations-Warteschlange festzuhalten.<\/p>\n<h2>Welche Rechte Sie an Ihren Daten haben<\/h2>\n<p>Wenn Sie Kommentare geschrieben haben, k\u00f6nnen Sie einen Export Ihrer personenbezogenen Daten bei uns anfordern, inklusive aller Daten, die Sie uns mitgeteilt haben. Dar\u00fcber hinaus k\u00f6nenn Sie die L\u00f6schung aller personenbezogenen Daten, die wir von Ihnen gespeichert haben, anfordern. Dies umfasst nicht die Daten, die wir aufgrund administrativer, rechtlicher oder sicherheitsrelevanter Notwendigkeiten aufbewahren m\u00fcssen.<\/p>\n<p>&nbsp;<\/p>\n<p>&nbsp;<\/p>\n","protected":false},"excerpt":{"rendered":"<p>Wer wir sind Die Adresse unserer Website ist: www.derkaepten.de. Dieses ist eine rein private Webseite um mit Freunden, Kollegen und Verwandten in Kontakt zu bleiben und Ihnen etwas von uns zu berichten. Welche personenbezogenen Daten wir sammeln und warum wir <a class=\"more-link\" href=\"https:\/\/www.derkaepten.de\/?page_id=362\">Weiterlesen&#8230;<\/a><\/p>\n","protected":false},"author":3,"featured_media":0,"parent":0,"menu_order":0,"comment_status":"closed","ping_status":"closed","template":"","meta":{"footnotes":""},"class_list":["post-362","page","type-page","status-publish","hentry"],"_links":{"self":[{"href":"https:\/\/www.derkaepten.de\/index.php?rest_route=\/wp\/v2\/pages\/362","targetHints":{"allow":["GET"]}}],"collection":[{"href":"https:\/\/www.derkaepten.de\/index.php?rest_route=\/wp\/v2\/pages"}],"about":[{"href":"https:\/\/www.derkaepten.de\/index.php?rest_route=\/wp\/v2\/types\/page"}],"author":[{"embeddable":true,"href":"https:\/\/www.derkaepten.de\/index.php?rest_route=\/wp\/v2\/users\/3"}],"replies":[{"embeddable":true,"href":"https:\/\/www.derkaepten.de\/index.php?rest_route=%2Fwp%2Fv2%2Fcomments&post=362"}],"version-history":[{"count":1,"href":"https:\/\/www.derkaepten.de\/index.php?rest_route=\/wp\/v2\/pages\/362\/revisions"}],"predecessor-version":[{"id":363,"href":"https:\/\/www.derkaepten.de\/index.php?rest_route=\/wp\/v2\/pages\/362\/revisions\/363"}],"wp:attachment":[{"href":"https:\/\/www.derkaepten.de\/index.php?rest_route=%2Fwp%2Fv2%2Fmedia&parent=362"}],"curies":[{"name":"wp","href":"https:\/\/api.w.org\/{rel}","templated":true}]}}