{"id":138,"date":"2017-08-20T15:28:58","date_gmt":"2017-08-20T15:28:58","guid":{"rendered":"https:\/\/www.derkaepten.de\/?page_id=138"},"modified":"2023-07-18T17:05:15","modified_gmt":"2023-07-18T15:05:15","slug":"urlaub","status":"publish","type":"page","link":"https:\/\/www.derkaepten.de\/?page_id=138","title":{"rendered":"Urlaub"},"content":{"rendered":"<h5>Hier waren fr\u00fcher ein paar alte links zu Urlaubsberichten.<\/h5>\n<p>diese \u00f6ffneten den Urlaubs-Teil unserer alten Seite in einem extra Fenster.<br \/>\nDieses wird nicht allen Anzeigeger\u00e4ten gerecht (<em>daher ja auch dieser Umbau auf WordPress<\/em> \ud83d\ude09 ) Diese Seiten sind einem Serverumzug zum Opfer gefallen und wenn ich mal ganz viel Zeit und Lust habe, dann werde ich sie irgendwie reaktivieren, aber erstmal bleiben sie in der Versenkung.<\/p>\n<p>Daf\u00fcr gibt es dann die neuen Berichte, nur die werden hier nicht ver\u00f6ffentlicht. Die andere Adresse habt Ihr ja, wenn nicht, oder wenn Ihr sie verlegt habt, k\u00f6nnt ihr sie hier anfordern:<\/p>\n\n<div class=\"wpcf7 no-js\" id=\"wpcf7-f145-o1\" lang=\"de-DE\" dir=\"ltr\" data-wpcf7-id=\"145\">\n<div class=\"screen-reader-response\"><p role=\"status\" aria-live=\"polite\" aria-atomic=\"true\"><\/p> <ul><\/ul><\/div>\n<form action=\"\/index.php?rest_route=%2Fwp%2Fv2%2Fpages%2F138#wpcf7-f145-o1\" method=\"post\" class=\"wpcf7-form init\" aria-label=\"Kontaktformular\" novalidate=\"novalidate\" data-status=\"init\">\n<fieldset class=\"hidden-fields-container\"><input type=\"hidden\" name=\"_wpcf7\" value=\"145\" \/><input type=\"hidden\" name=\"_wpcf7_version\" value=\"6.1.5\" \/><input type=\"hidden\" name=\"_wpcf7_locale\" value=\"de_DE\" \/><input type=\"hidden\" name=\"_wpcf7_unit_tag\" value=\"wpcf7-f145-o1\" \/><input type=\"hidden\" name=\"_wpcf7_container_post\" value=\"0\" \/><input type=\"hidden\" name=\"_wpcf7_posted_data_hash\" value=\"\" \/>\n<\/fieldset>\n<p><label> Name (Pflichtfeld)<br \/>\n<span class=\"wpcf7-form-control-wrap\" data-name=\"your-name\"><input size=\"40\" maxlength=\"400\" class=\"wpcf7-form-control wpcf7-text wpcf7-validates-as-required\" aria-required=\"true\" aria-invalid=\"false\" value=\"\" type=\"text\" name=\"your-name\" \/><\/span> <\/label>\n<\/p>\n<p><label> E-Mail-Adresse (Pflichtfeld)<br \/>\n<span class=\"wpcf7-form-control-wrap\" data-name=\"your-email\"><input size=\"40\" maxlength=\"400\" class=\"wpcf7-form-control wpcf7-email wpcf7-validates-as-required wpcf7-text wpcf7-validates-as-email\" aria-required=\"true\" aria-invalid=\"false\" value=\"\" type=\"email\" name=\"your-email\" \/><\/span> <\/label>\n<\/p>\n<p><label> Betreff<br \/>\n<span class=\"wpcf7-form-control-wrap\" data-name=\"your-subject\"><input size=\"40\" maxlength=\"400\" class=\"wpcf7-form-control wpcf7-text\" aria-invalid=\"false\" value=\"\" type=\"text\" name=\"your-subject\" \/><\/span> <\/label>\n<\/p>\n<p><label> Nachricht<br \/>\n<span class=\"wpcf7-form-control-wrap\" data-name=\"your-message\"><textarea cols=\"40\" rows=\"4\" maxlength=\"2000\" class=\"wpcf7-form-control wpcf7-textarea\" aria-invalid=\"false\" name=\"your-message\"><\/textarea><\/span> <\/label>\n<\/p>\n<p><input class=\"wpcf7-form-control wpcf7-submit has-spinner\" type=\"submit\" value=\"Senden\" \/>\n<\/p><div class=\"frc-captcha \" data-sitekey=\"FCMQENQG2OL24U0H\" data-lang=\"de\" ><\/div>\n\t\t<noscript>You need to enable Javascript for the anti-spam check.<\/noscript><div class=\"wpcf7-response-output\" aria-hidden=\"true\"><\/div>\n<\/form>\n<\/div>\n\n","protected":false},"excerpt":{"rendered":"<p>Hier waren fr\u00fcher ein paar alte links zu Urlaubsberichten. diese \u00f6ffneten den Urlaubs-Teil unserer alten Seite in einem extra Fenster. Dieses wird nicht allen Anzeigeger\u00e4ten gerecht (daher ja auch dieser Umbau auf WordPress \ud83d\ude09 ) Diese Seiten sind einem Serverumzug <a class=\"more-link\" href=\"https:\/\/www.derkaepten.de\/?page_id=138\">Weiterlesen&#8230;<\/a><\/p>\n","protected":false},"author":2,"featured_media":0,"parent":0,"menu_order":0,"comment_status":"closed","ping_status":"closed","template":"","meta":{"footnotes":""},"class_list":["post-138","page","type-page","status-publish","hentry"],"_links":{"self":[{"href":"https:\/\/www.derkaepten.de\/index.php?rest_route=\/wp\/v2\/pages\/138","targetHints":{"allow":["GET"]}}],"collection":[{"href":"https:\/\/www.derkaepten.de\/index.php?rest_route=\/wp\/v2\/pages"}],"about":[{"href":"https:\/\/www.derkaepten.de\/index.php?rest_route=\/wp\/v2\/types\/page"}],"author":[{"embeddable":true,"href":"https:\/\/www.derkaepten.de\/index.php?rest_route=\/wp\/v2\/users\/2"}],"replies":[{"embeddable":true,"href":"https:\/\/www.derkaepten.de\/index.php?rest_route=%2Fwp%2Fv2%2Fcomments&post=138"}],"version-history":[{"count":4,"href":"https:\/\/www.derkaepten.de\/index.php?rest_route=\/wp\/v2\/pages\/138\/revisions"}],"predecessor-version":[{"id":423,"href":"https:\/\/www.derkaepten.de\/index.php?rest_route=\/wp\/v2\/pages\/138\/revisions\/423"}],"wp:attachment":[{"href":"https:\/\/www.derkaepten.de\/index.php?rest_route=%2Fwp%2Fv2%2Fmedia&parent=138"}],"curies":[{"name":"wp","href":"https:\/\/api.w.org\/{rel}","templated":true}]}}